{"id":3281,"date":"2023-06-13T17:37:31","date_gmt":"2023-06-13T17:37:31","guid":{"rendered":"https:\/\/vanderagency.net\/?page_id=3281"},"modified":"2023-06-13T20:17:26","modified_gmt":"2023-06-13T20:17:26","slug":"plan-premium-desarrollo-web","status":"publish","type":"page","link":"https:\/\/vanderagency.net\/index.php\/plan-premium-desarrollo-web\/","title":{"rendered":"Plan Premium Desarrollo Web"},"content":{"rendered":"\t\t<div data-elementor-type=\"wp-page\" data-elementor-id=\"3281\" class=\"elementor elementor-3281\" data-elementor-post-type=\"page\">\n\t\t\t\t\t\t<section class=\"elementor-section elementor-top-section elementor-element elementor-element-154cfb3 elementor-section-full_width elementor-hidden-mobile elementor-section-height-default elementor-section-height-default\" data-id=\"154cfb3\" data-element_type=\"section\">\n\t\t\t\t\t\t<div class=\"elementor-container elementor-column-gap-default\">\n\t\t\t\t\t<div class=\"elementor-column elementor-col-50 elementor-top-column elementor-element elementor-element-a5fabe3\" data-id=\"a5fabe3\" data-element_type=\"column\" data-settings=\"{&quot;background_background&quot;:&quot;classic&quot;}\">\n\t\t\t<div class=\"elementor-widget-wrap elementor-element-populated\">\n\t\t\t\t\t\t<div class=\"elementor-element elementor-element-d5151ac elementor-widget elementor-widget-spacer\" data-id=\"d5151ac\" data-element_type=\"widget\" data-widget_type=\"spacer.default\">\n\t\t\t\t<div class=\"elementor-widget-container\">\n\t\t\t\t\t\t\t<div class=\"elementor-spacer\">\n\t\t\t<div class=\"elementor-spacer-inner\"><\/div>\n\t\t<\/div>\n\t\t\t\t\t\t<\/div>\n\t\t\t\t<\/div>\n\t\t\t\t<div class=\"elementor-element elementor-element-63cc022 elementor-widget elementor-widget-image\" data-id=\"63cc022\" data-element_type=\"widget\" data-widget_type=\"image.default\">\n\t\t\t\t<div class=\"elementor-widget-container\">\n\t\t\t\t\t\t\t\t\t\t\t\t\t\t\t<img fetchpriority=\"high\" decoding=\"async\" width=\"500\" height=\"119\" src=\"https:\/\/vanderagency.net\/wp-content\/uploads\/2023\/02\/cropped-van-der-agency-2.png\" class=\"attachment-large size-large wp-image-2805\" alt=\"\" srcset=\"https:\/\/vanderagency.net\/wp-content\/uploads\/2023\/02\/cropped-van-der-agency-2.png 500w, https:\/\/vanderagency.net\/wp-content\/uploads\/2023\/02\/cropped-van-der-agency-2-300x71.png 300w\" sizes=\"(max-width: 500px) 100vw, 500px\" \/>\t\t\t\t\t\t\t\t\t\t\t\t\t\t\t<\/div>\n\t\t\t\t<\/div>\n\t\t\t\t<div class=\"elementor-element elementor-element-e6e4bca elementor-widget elementor-widget-spacer\" data-id=\"e6e4bca\" data-element_type=\"widget\" data-widget_type=\"spacer.default\">\n\t\t\t\t<div class=\"elementor-widget-container\">\n\t\t\t\t\t\t\t<div class=\"elementor-spacer\">\n\t\t\t<div class=\"elementor-spacer-inner\"><\/div>\n\t\t<\/div>\n\t\t\t\t\t\t<\/div>\n\t\t\t\t<\/div>\n\t\t\t\t<div class=\"elementor-element elementor-element-f759c0e elementor-widget elementor-widget-heading\" data-id=\"f759c0e\" data-element_type=\"widget\" data-widget_type=\"heading.default\">\n\t\t\t\t<div class=\"elementor-widget-container\">\n\t\t\t\t\t<h2 class=\"elementor-heading-title elementor-size-default\">Est\u00e1s a un solo paso de hacer crecer tu Negocio<\/h2>\t\t\t\t<\/div>\n\t\t\t\t<\/div>\n\t\t\t\t<div class=\"elementor-element elementor-element-49a5e6b elementor-widget elementor-widget-text-editor\" data-id=\"49a5e6b\" data-element_type=\"widget\" data-widget_type=\"text-editor.default\">\n\t\t\t\t<div class=\"elementor-widget-container\">\n\t\t\t\t\t\t\t\t\t<p>El Plan 2 de Desarrollo Web incluye:<\/p>\n<ul>\n<li><span class=\"WdYUQQ\">Pago durante 18 cuotas<\/span><\/li>\n<li><span class=\"WdYUQQ\">Dise\u00f1o Innovador, adaptable a todos los dispositivos y UX friendly<\/span><\/li>\n<li><span class=\"WdYUQQ\">M\u00e1ximo de 7 revisiones<\/span><\/li>\n<li><span class=\"WdYUQQ\">Desarrollo de hasta 12 p\u00e1ginas (sin tener en cuenta cookies, pol\u00edticas de privacidad y t\u00e9rminos de condiciones)<\/span><\/li>\n<li><span class=\"WdYUQQ\">Blog de m\u00e1ximo 15 posts<\/span><\/li>\n<li><span class=\"WdYUQQ\">Optimizaci\u00f3n SEO (Posicionamiento preferente en Google)<\/span><\/li>\n<li><span class=\"WdYUQQ\">Funcionalidades din\u00e1micas: Formularios de contacto e Integraci\u00f3n con automatizaciones de Email.<\/span><\/li>\n<li><span class=\"WdYUQQ\">Informe mensual de situaci\u00f3n.<\/span><\/li>\n<li><span class=\"WdYUQQ\">Servicio Mantenimiento incluido por 1 a\u00f1o<\/span><\/li>\n<\/ul>\t\t\t\t\t\t\t\t<\/div>\n\t\t\t\t<\/div>\n\t\t\t\t<div class=\"elementor-element elementor-element-3505a51 elementor-widget elementor-widget-image\" data-id=\"3505a51\" data-element_type=\"widget\" data-widget_type=\"image.default\">\n\t\t\t\t<div class=\"elementor-widget-container\">\n\t\t\t\t\t\t\t\t\t\t\t\t\t\t\t<img decoding=\"async\" width=\"1024\" height=\"307\" src=\"https:\/\/vanderagency.net\/wp-content\/uploads\/2023\/05\/pago-seguro-garantizado-1024x307.png\" class=\"attachment-large size-large wp-image-3249\" alt=\"\" srcset=\"https:\/\/vanderagency.net\/wp-content\/uploads\/2023\/05\/pago-seguro-garantizado-1024x307.png 1024w, https:\/\/vanderagency.net\/wp-content\/uploads\/2023\/05\/pago-seguro-garantizado-300x90.png 300w, https:\/\/vanderagency.net\/wp-content\/uploads\/2023\/05\/pago-seguro-garantizado-768x230.png 768w, https:\/\/vanderagency.net\/wp-content\/uploads\/2023\/05\/pago-seguro-garantizado-1536x461.png 1536w, https:\/\/vanderagency.net\/wp-content\/uploads\/2023\/05\/pago-seguro-garantizado-1320x396.png 1320w, https:\/\/vanderagency.net\/wp-content\/uploads\/2023\/05\/pago-seguro-garantizado-600x180.png 600w, https:\/\/vanderagency.net\/wp-content\/uploads\/2023\/05\/pago-seguro-garantizado.png 2000w\" sizes=\"(max-width: 1024px) 100vw, 1024px\" \/>\t\t\t\t\t\t\t\t\t\t\t\t\t\t\t<\/div>\n\t\t\t\t<\/div>\n\t\t\t\t<div class=\"elementor-element elementor-element-9b7839c elementor-widget elementor-widget-spacer\" data-id=\"9b7839c\" data-element_type=\"widget\" data-widget_type=\"spacer.default\">\n\t\t\t\t<div class=\"elementor-widget-container\">\n\t\t\t\t\t\t\t<div class=\"elementor-spacer\">\n\t\t\t<div class=\"elementor-spacer-inner\"><\/div>\n\t\t<\/div>\n\t\t\t\t\t\t<\/div>\n\t\t\t\t<\/div>\n\t\t\t\t\t<\/div>\n\t\t<\/div>\n\t\t\t\t<div class=\"elementor-column elementor-col-50 elementor-top-column elementor-element elementor-element-d09d24f\" data-id=\"d09d24f\" data-element_type=\"column\">\n\t\t\t<div class=\"elementor-widget-wrap elementor-element-populated\">\n\t\t\t\t\t\t<div class=\"elementor-element elementor-element-634aca5 elementor-widget elementor-widget-spacer\" data-id=\"634aca5\" data-element_type=\"widget\" data-widget_type=\"spacer.default\">\n\t\t\t\t<div class=\"elementor-widget-container\">\n\t\t\t\t\t\t\t<div class=\"elementor-spacer\">\n\t\t\t<div class=\"elementor-spacer-inner\"><\/div>\n\t\t<\/div>\n\t\t\t\t\t\t<\/div>\n\t\t\t\t<\/div>\n\t\t\t\t<div class=\"elementor-element elementor-element-87fb646 elementor-widget elementor-widget-shortcode\" data-id=\"87fb646\" data-element_type=\"widget\" data-widget_type=\"shortcode.default\">\n\t\t\t\t<div class=\"elementor-widget-container\">\n\t\t\t\t\t\t\t<div class=\"elementor-shortcode\">[simpay id=\"3280\"]<\/div>\n\t\t\t\t\t\t<\/div>\n\t\t\t\t<\/div>\n\t\t\t\t\t<\/div>\n\t\t<\/div>\n\t\t\t\t\t<\/div>\n\t\t<\/section>\n\t\t\t\t<section class=\"elementor-section elementor-top-section elementor-element elementor-element-2eb80c4 elementor-section-full_width elementor-hidden-desktop elementor-hidden-tablet elementor-section-height-default elementor-section-height-default\" data-id=\"2eb80c4\" data-element_type=\"section\">\n\t\t\t\t\t\t<div class=\"elementor-container elementor-column-gap-default\">\n\t\t\t\t\t<div class=\"elementor-column elementor-col-50 elementor-top-column elementor-element elementor-element-5ba5d95\" data-id=\"5ba5d95\" data-element_type=\"column\" data-settings=\"{&quot;background_background&quot;:&quot;classic&quot;}\">\n\t\t\t<div class=\"elementor-widget-wrap elementor-element-populated\">\n\t\t\t\t\t\t<div class=\"elementor-element elementor-element-2a24dcb elementor-widget elementor-widget-spacer\" data-id=\"2a24dcb\" data-element_type=\"widget\" data-widget_type=\"spacer.default\">\n\t\t\t\t<div class=\"elementor-widget-container\">\n\t\t\t\t\t\t\t<div class=\"elementor-spacer\">\n\t\t\t<div class=\"elementor-spacer-inner\"><\/div>\n\t\t<\/div>\n\t\t\t\t\t\t<\/div>\n\t\t\t\t<\/div>\n\t\t\t\t<div class=\"elementor-element elementor-element-141112c elementor-widget elementor-widget-image\" data-id=\"141112c\" data-element_type=\"widget\" data-widget_type=\"image.default\">\n\t\t\t\t<div class=\"elementor-widget-container\">\n\t\t\t\t\t\t\t\t\t\t\t\t\t\t\t<img fetchpriority=\"high\" decoding=\"async\" width=\"500\" height=\"119\" src=\"https:\/\/vanderagency.net\/wp-content\/uploads\/2023\/02\/cropped-van-der-agency-2.png\" class=\"attachment-large size-large wp-image-2805\" alt=\"\" srcset=\"https:\/\/vanderagency.net\/wp-content\/uploads\/2023\/02\/cropped-van-der-agency-2.png 500w, https:\/\/vanderagency.net\/wp-content\/uploads\/2023\/02\/cropped-van-der-agency-2-300x71.png 300w\" sizes=\"(max-width: 500px) 100vw, 500px\" \/>\t\t\t\t\t\t\t\t\t\t\t\t\t\t\t<\/div>\n\t\t\t\t<\/div>\n\t\t\t\t<div class=\"elementor-element elementor-element-9faf354 elementor-widget elementor-widget-heading\" data-id=\"9faf354\" data-element_type=\"widget\" data-widget_type=\"heading.default\">\n\t\t\t\t<div class=\"elementor-widget-container\">\n\t\t\t\t\t<h2 class=\"elementor-heading-title elementor-size-default\">Est\u00e1s a un solo paso de hacer crecer tu Negocio<\/h2>\t\t\t\t<\/div>\n\t\t\t\t<\/div>\n\t\t\t\t<div class=\"elementor-element elementor-element-1819532 elementor-widget elementor-widget-text-editor\" data-id=\"1819532\" data-element_type=\"widget\" data-widget_type=\"text-editor.default\">\n\t\t\t\t<div class=\"elementor-widget-container\">\n\t\t\t\t\t\t\t\t\t<p>El Plan 2 de Desarrollo Web incluye:<\/p><ul><li><span class=\"WdYUQQ\">Pago durante 18 cuotas<\/span><\/li><li><span class=\"WdYUQQ\">Dise\u00f1o Innovador, adaptable a todos los dispositivos y UX friendly<\/span><\/li><li><span class=\"WdYUQQ\">M\u00e1ximo de 7 revisiones<\/span><\/li><li><span class=\"WdYUQQ\">Desarrollo de hasta 12 p\u00e1ginas (sin tener en cuenta cookies, pol\u00edticas de privacidad y t\u00e9rminos de condiciones)<\/span><\/li><li><span class=\"WdYUQQ\">Blog de m\u00e1ximo 15 posts<\/span><\/li><li><span class=\"WdYUQQ\">Optimizaci\u00f3n SEO (Posicionamiento preferente en Google)<\/span><\/li><li><span class=\"WdYUQQ\">Funcionalidades din\u00e1micas: Formularios de contacto e Integraci\u00f3n con automatizaciones de Email.<\/span><\/li><li><span class=\"WdYUQQ\">Informe mensual de situaci\u00f3n.<\/span><\/li><li><span class=\"WdYUQQ\">Servicio Mantenimiento incluido por 1 a\u00f1o.<\/span><\/li><\/ul>\t\t\t\t\t\t\t\t<\/div>\n\t\t\t\t<\/div>\n\t\t\t\t<div class=\"elementor-element elementor-element-fb9434f elementor-widget elementor-widget-image\" data-id=\"fb9434f\" data-element_type=\"widget\" data-widget_type=\"image.default\">\n\t\t\t\t<div class=\"elementor-widget-container\">\n\t\t\t\t\t\t\t\t\t\t\t\t\t\t\t<img decoding=\"async\" width=\"1024\" height=\"307\" src=\"https:\/\/vanderagency.net\/wp-content\/uploads\/2023\/05\/pago-seguro-garantizado-1024x307.png\" class=\"attachment-large size-large wp-image-3249\" alt=\"\" srcset=\"https:\/\/vanderagency.net\/wp-content\/uploads\/2023\/05\/pago-seguro-garantizado-1024x307.png 1024w, https:\/\/vanderagency.net\/wp-content\/uploads\/2023\/05\/pago-seguro-garantizado-300x90.png 300w, https:\/\/vanderagency.net\/wp-content\/uploads\/2023\/05\/pago-seguro-garantizado-768x230.png 768w, https:\/\/vanderagency.net\/wp-content\/uploads\/2023\/05\/pago-seguro-garantizado-1536x461.png 1536w, https:\/\/vanderagency.net\/wp-content\/uploads\/2023\/05\/pago-seguro-garantizado-1320x396.png 1320w, https:\/\/vanderagency.net\/wp-content\/uploads\/2023\/05\/pago-seguro-garantizado-600x180.png 600w, https:\/\/vanderagency.net\/wp-content\/uploads\/2023\/05\/pago-seguro-garantizado.png 2000w\" sizes=\"(max-width: 1024px) 100vw, 1024px\" \/>\t\t\t\t\t\t\t\t\t\t\t\t\t\t\t<\/div>\n\t\t\t\t<\/div>\n\t\t\t\t<div class=\"elementor-element elementor-element-5865b97 elementor-widget elementor-widget-spacer\" data-id=\"5865b97\" data-element_type=\"widget\" data-widget_type=\"spacer.default\">\n\t\t\t\t<div class=\"elementor-widget-container\">\n\t\t\t\t\t\t\t<div class=\"elementor-spacer\">\n\t\t\t<div class=\"elementor-spacer-inner\"><\/div>\n\t\t<\/div>\n\t\t\t\t\t\t<\/div>\n\t\t\t\t<\/div>\n\t\t\t\t\t<\/div>\n\t\t<\/div>\n\t\t\t\t<div class=\"elementor-column elementor-col-50 elementor-top-column elementor-element elementor-element-20b68d0\" data-id=\"20b68d0\" data-element_type=\"column\">\n\t\t\t<div class=\"elementor-widget-wrap elementor-element-populated\">\n\t\t\t\t\t\t<div class=\"elementor-element elementor-element-a5a6e3b elementor-widget elementor-widget-spacer\" data-id=\"a5a6e3b\" data-element_type=\"widget\" data-widget_type=\"spacer.default\">\n\t\t\t\t<div class=\"elementor-widget-container\">\n\t\t\t\t\t\t\t<div class=\"elementor-spacer\">\n\t\t\t<div class=\"elementor-spacer-inner\"><\/div>\n\t\t<\/div>\n\t\t\t\t\t\t<\/div>\n\t\t\t\t<\/div>\n\t\t\t\t<div class=\"elementor-element elementor-element-75930de elementor-widget elementor-widget-shortcode\" data-id=\"75930de\" data-element_type=\"widget\" data-widget_type=\"shortcode.default\">\n\t\t\t\t<div class=\"elementor-widget-container\">\n\t\t\t\t\t\t\t<div class=\"elementor-shortcode\">[simpay id=\"3280\"]<\/div>\n\t\t\t\t\t\t<\/div>\n\t\t\t\t<\/div>\n\t\t\t\t\t<\/div>\n\t\t<\/div>\n\t\t\t\t\t<\/div>\n\t\t<\/section>\n\t\t\t\t<\/div>\n\t\t","protected":false},"excerpt":{"rendered":"<p>Est\u00e1s a un solo paso de hacer crecer tu Negocio El Plan 2 de Desarrollo Web incluye: Pago durante 18 cuotas Dise\u00f1o Innovador, adaptable a todos los dispositivos y UX friendly M\u00e1ximo de 7 revisiones Desarrollo de hasta 12 p\u00e1ginas (sin tener en cuenta cookies, pol\u00edticas de privacidad y t\u00e9rminos de condiciones) Blog de m\u00e1ximo&#8230;<\/p>\n","protected":false},"author":1,"featured_media":0,"parent":0,"menu_order":0,"comment_status":"closed","ping_status":"closed","template":"elementor_canvas","meta":{"_kad_post_transparent":"","_kad_post_title":"hide","_kad_post_layout":"fullwidth","_kad_post_sidebar_id":"","_kad_post_content_style":"unboxed","_kad_post_vertical_padding":"hide","_kad_post_feature":"hide","_kad_post_feature_position":"","_kad_post_header":false,"_kad_post_footer":false,"_kad_post_classname":"","_joinchat":[],"footnotes":""},"class_list":["post-3281","page","type-page","status-publish","hentry"],"_links":{"self":[{"href":"https:\/\/vanderagency.net\/index.php\/wp-json\/wp\/v2\/pages\/3281","targetHints":{"allow":["GET"]}}],"collection":[{"href":"https:\/\/vanderagency.net\/index.php\/wp-json\/wp\/v2\/pages"}],"about":[{"href":"https:\/\/vanderagency.net\/index.php\/wp-json\/wp\/v2\/types\/page"}],"author":[{"embeddable":true,"href":"https:\/\/vanderagency.net\/index.php\/wp-json\/wp\/v2\/users\/1"}],"replies":[{"embeddable":true,"href":"https:\/\/vanderagency.net\/index.php\/wp-json\/wp\/v2\/comments?post=3281"}],"version-history":[{"count":10,"href":"https:\/\/vanderagency.net\/index.php\/wp-json\/wp\/v2\/pages\/3281\/revisions"}],"predecessor-version":[{"id":3291,"href":"https:\/\/vanderagency.net\/index.php\/wp-json\/wp\/v2\/pages\/3281\/revisions\/3291"}],"wp:attachment":[{"href":"https:\/\/vanderagency.net\/index.php\/wp-json\/wp\/v2\/media?parent=3281"}],"curies":[{"name":"wp","href":"https:\/\/api.w.org\/{rel}","templated":true}]}}