{"id":3275,"date":"2023-06-13T17:27:08","date_gmt":"2023-06-13T17:27:08","guid":{"rendered":"https:\/\/vanderagency.net\/?page_id=3275"},"modified":"2023-06-16T18:02:48","modified_gmt":"2023-06-16T18:02:48","slug":"desarrollo-2-paginas-web","status":"publish","type":"page","link":"https:\/\/vanderagency.net\/index.php\/desarrollo-2-paginas-web\/","title":{"rendered":"Desarrollo 2 p\u00e1ginas web"},"content":{"rendered":"\t\t<div data-elementor-type=\"wp-page\" data-elementor-id=\"3275\" class=\"elementor elementor-3275\" data-elementor-post-type=\"page\">\n\t\t\t\t\t\t<section class=\"elementor-section elementor-top-section elementor-element elementor-element-0053ba8 elementor-section-full_width elementor-hidden-mobile elementor-section-height-default elementor-section-height-default\" data-id=\"0053ba8\" data-element_type=\"section\">\n\t\t\t\t\t\t<div class=\"elementor-container elementor-column-gap-default\">\n\t\t\t\t\t<div class=\"elementor-column elementor-col-50 elementor-top-column elementor-element elementor-element-d9d390e\" data-id=\"d9d390e\" data-element_type=\"column\" data-settings=\"{&quot;background_background&quot;:&quot;classic&quot;}\">\n\t\t\t<div class=\"elementor-widget-wrap elementor-element-populated\">\n\t\t\t\t\t\t<div class=\"elementor-element elementor-element-45e1553 elementor-widget elementor-widget-spacer\" data-id=\"45e1553\" data-element_type=\"widget\" data-widget_type=\"spacer.default\">\n\t\t\t\t<div class=\"elementor-widget-container\">\n\t\t\t\t\t\t\t<div class=\"elementor-spacer\">\n\t\t\t<div class=\"elementor-spacer-inner\"><\/div>\n\t\t<\/div>\n\t\t\t\t\t\t<\/div>\n\t\t\t\t<\/div>\n\t\t\t\t<div class=\"elementor-element elementor-element-2568df7 elementor-widget elementor-widget-image\" data-id=\"2568df7\" data-element_type=\"widget\" data-widget_type=\"image.default\">\n\t\t\t\t<div class=\"elementor-widget-container\">\n\t\t\t\t\t\t\t\t\t\t\t\t\t\t\t<img fetchpriority=\"high\" decoding=\"async\" width=\"500\" height=\"119\" src=\"https:\/\/vanderagency.net\/wp-content\/uploads\/2023\/02\/cropped-van-der-agency-2.png\" class=\"attachment-large size-large wp-image-2805\" alt=\"\" srcset=\"https:\/\/vanderagency.net\/wp-content\/uploads\/2023\/02\/cropped-van-der-agency-2.png 500w, https:\/\/vanderagency.net\/wp-content\/uploads\/2023\/02\/cropped-van-der-agency-2-300x71.png 300w\" sizes=\"(max-width: 500px) 100vw, 500px\" \/>\t\t\t\t\t\t\t\t\t\t\t\t\t\t\t<\/div>\n\t\t\t\t<\/div>\n\t\t\t\t<div class=\"elementor-element elementor-element-ec73e71 elementor-widget elementor-widget-spacer\" data-id=\"ec73e71\" data-element_type=\"widget\" data-widget_type=\"spacer.default\">\n\t\t\t\t<div class=\"elementor-widget-container\">\n\t\t\t\t\t\t\t<div class=\"elementor-spacer\">\n\t\t\t<div class=\"elementor-spacer-inner\"><\/div>\n\t\t<\/div>\n\t\t\t\t\t\t<\/div>\n\t\t\t\t<\/div>\n\t\t\t\t<div class=\"elementor-element elementor-element-b1805ef elementor-widget elementor-widget-heading\" data-id=\"b1805ef\" data-element_type=\"widget\" data-widget_type=\"heading.default\">\n\t\t\t\t<div class=\"elementor-widget-container\">\n\t\t\t\t\t<h2 class=\"elementor-heading-title elementor-size-default\">Est\u00e1s a un solo paso de hacer crecer tu Negocio<\/h2>\t\t\t\t<\/div>\n\t\t\t\t<\/div>\n\t\t\t\t<div class=\"elementor-element elementor-element-18124c8 elementor-widget elementor-widget-text-editor\" data-id=\"18124c8\" data-element_type=\"widget\" data-widget_type=\"text-editor.default\">\n\t\t\t\t<div class=\"elementor-widget-container\">\n\t\t\t\t\t\t\t\t\t<p>El Plan 2 de Desarrollo Web incluye:<\/p><ul><li><span class=\"WdYUQQ\">Pago durante 15 cuotas<\/span><\/li><li><span class=\"WdYUQQ\">Dise\u00f1o Innovador, adaptable a todos los dispositivos y UX friendly<\/span><\/li><li><span class=\"WdYUQQ\">M\u00e1ximo de 5 revisiones<\/span><\/li><li><span class=\"WdYUQQ\">Desarrollo de hasta 8 p\u00e1ginas (sin tener en cuenta cookies, pol\u00edticas de privacidad y t\u00e9rminos de condiciones)<\/span><\/li><li><span class=\"WdYUQQ\">Blog de m\u00e1ximo 10 posts<\/span><\/li><li><span class=\"WdYUQQ\">Optimizaci\u00f3n SEO (Posicionamiento preferente en Google)<\/span><\/li><li><span class=\"WdYUQQ\">Funcionalidades din\u00e1micas: Formularios de contacto e Integraci\u00f3n con automatizaciones de Email.<\/span><\/li><li><span class=\"WdYUQQ\">Informe mensual de situaci\u00f3n.<\/span><\/li><li><span class=\"WdYUQQ\">Servicio Mantenimiento incluido por 6 meses.<\/span><\/li><\/ul>\t\t\t\t\t\t\t\t<\/div>\n\t\t\t\t<\/div>\n\t\t\t\t<div class=\"elementor-element elementor-element-4cbf3bc elementor-widget elementor-widget-image\" data-id=\"4cbf3bc\" data-element_type=\"widget\" data-widget_type=\"image.default\">\n\t\t\t\t<div class=\"elementor-widget-container\">\n\t\t\t\t\t\t\t\t\t\t\t\t\t\t\t<img decoding=\"async\" width=\"1024\" height=\"307\" src=\"https:\/\/vanderagency.net\/wp-content\/uploads\/2023\/05\/pago-seguro-garantizado-1024x307.png\" class=\"attachment-large size-large wp-image-3249\" alt=\"\" srcset=\"https:\/\/vanderagency.net\/wp-content\/uploads\/2023\/05\/pago-seguro-garantizado-1024x307.png 1024w, https:\/\/vanderagency.net\/wp-content\/uploads\/2023\/05\/pago-seguro-garantizado-300x90.png 300w, https:\/\/vanderagency.net\/wp-content\/uploads\/2023\/05\/pago-seguro-garantizado-768x230.png 768w, https:\/\/vanderagency.net\/wp-content\/uploads\/2023\/05\/pago-seguro-garantizado-1536x461.png 1536w, https:\/\/vanderagency.net\/wp-content\/uploads\/2023\/05\/pago-seguro-garantizado-1320x396.png 1320w, https:\/\/vanderagency.net\/wp-content\/uploads\/2023\/05\/pago-seguro-garantizado-600x180.png 600w, https:\/\/vanderagency.net\/wp-content\/uploads\/2023\/05\/pago-seguro-garantizado.png 2000w\" sizes=\"(max-width: 1024px) 100vw, 1024px\" \/>\t\t\t\t\t\t\t\t\t\t\t\t\t\t\t<\/div>\n\t\t\t\t<\/div>\n\t\t\t\t<div class=\"elementor-element elementor-element-8d95ddb elementor-widget elementor-widget-spacer\" data-id=\"8d95ddb\" data-element_type=\"widget\" data-widget_type=\"spacer.default\">\n\t\t\t\t<div class=\"elementor-widget-container\">\n\t\t\t\t\t\t\t<div class=\"elementor-spacer\">\n\t\t\t<div class=\"elementor-spacer-inner\"><\/div>\n\t\t<\/div>\n\t\t\t\t\t\t<\/div>\n\t\t\t\t<\/div>\n\t\t\t\t\t<\/div>\n\t\t<\/div>\n\t\t\t\t<div class=\"elementor-column elementor-col-50 elementor-top-column elementor-element elementor-element-5846f33\" data-id=\"5846f33\" data-element_type=\"column\">\n\t\t\t<div class=\"elementor-widget-wrap elementor-element-populated\">\n\t\t\t\t\t\t<div class=\"elementor-element elementor-element-9f60f09 elementor-widget elementor-widget-spacer\" data-id=\"9f60f09\" data-element_type=\"widget\" data-widget_type=\"spacer.default\">\n\t\t\t\t<div class=\"elementor-widget-container\">\n\t\t\t\t\t\t\t<div class=\"elementor-spacer\">\n\t\t\t<div class=\"elementor-spacer-inner\"><\/div>\n\t\t<\/div>\n\t\t\t\t\t\t<\/div>\n\t\t\t\t<\/div>\n\t\t\t\t<div class=\"elementor-element elementor-element-26793bc elementor-widget elementor-widget-shortcode\" data-id=\"26793bc\" data-element_type=\"widget\" data-widget_type=\"shortcode.default\">\n\t\t\t\t<div class=\"elementor-widget-container\">\n\t\t\t\t\t\t\t<div class=\"elementor-shortcode\">[simpay id=\"3292\"]<\/div>\n\t\t\t\t\t\t<\/div>\n\t\t\t\t<\/div>\n\t\t\t\t\t<\/div>\n\t\t<\/div>\n\t\t\t\t\t<\/div>\n\t\t<\/section>\n\t\t\t\t<section class=\"elementor-section elementor-top-section elementor-element elementor-element-7c03b62 elementor-section-full_width elementor-hidden-desktop elementor-hidden-tablet elementor-section-height-default elementor-section-height-default\" data-id=\"7c03b62\" data-element_type=\"section\">\n\t\t\t\t\t\t<div class=\"elementor-container elementor-column-gap-default\">\n\t\t\t\t\t<div class=\"elementor-column elementor-col-50 elementor-top-column elementor-element elementor-element-d44aab9\" data-id=\"d44aab9\" data-element_type=\"column\" data-settings=\"{&quot;background_background&quot;:&quot;classic&quot;}\">\n\t\t\t<div class=\"elementor-widget-wrap elementor-element-populated\">\n\t\t\t\t\t\t<div class=\"elementor-element elementor-element-1bcfdf6 elementor-widget elementor-widget-spacer\" data-id=\"1bcfdf6\" data-element_type=\"widget\" data-widget_type=\"spacer.default\">\n\t\t\t\t<div class=\"elementor-widget-container\">\n\t\t\t\t\t\t\t<div class=\"elementor-spacer\">\n\t\t\t<div class=\"elementor-spacer-inner\"><\/div>\n\t\t<\/div>\n\t\t\t\t\t\t<\/div>\n\t\t\t\t<\/div>\n\t\t\t\t<div class=\"elementor-element elementor-element-f0ee267 elementor-widget elementor-widget-image\" data-id=\"f0ee267\" data-element_type=\"widget\" data-widget_type=\"image.default\">\n\t\t\t\t<div class=\"elementor-widget-container\">\n\t\t\t\t\t\t\t\t\t\t\t\t\t\t\t<img fetchpriority=\"high\" decoding=\"async\" width=\"500\" height=\"119\" src=\"https:\/\/vanderagency.net\/wp-content\/uploads\/2023\/02\/cropped-van-der-agency-2.png\" class=\"attachment-large size-large wp-image-2805\" alt=\"\" srcset=\"https:\/\/vanderagency.net\/wp-content\/uploads\/2023\/02\/cropped-van-der-agency-2.png 500w, https:\/\/vanderagency.net\/wp-content\/uploads\/2023\/02\/cropped-van-der-agency-2-300x71.png 300w\" sizes=\"(max-width: 500px) 100vw, 500px\" \/>\t\t\t\t\t\t\t\t\t\t\t\t\t\t\t<\/div>\n\t\t\t\t<\/div>\n\t\t\t\t<div class=\"elementor-element elementor-element-b7ddc6b elementor-widget elementor-widget-heading\" data-id=\"b7ddc6b\" data-element_type=\"widget\" data-widget_type=\"heading.default\">\n\t\t\t\t<div class=\"elementor-widget-container\">\n\t\t\t\t\t<h2 class=\"elementor-heading-title elementor-size-default\">Est\u00e1s a un solo paso de hacer crecer tu Negocio<\/h2>\t\t\t\t<\/div>\n\t\t\t\t<\/div>\n\t\t\t\t<div class=\"elementor-element elementor-element-573cd82 elementor-widget elementor-widget-text-editor\" data-id=\"573cd82\" data-element_type=\"widget\" data-widget_type=\"text-editor.default\">\n\t\t\t\t<div class=\"elementor-widget-container\">\n\t\t\t\t\t\t\t\t\t<p>El Plan 2 de Desarrollo Web incluye:<\/p><ul><li><span class=\"WdYUQQ\">Pago durante 15 cuotas<\/span><\/li><li><span class=\"WdYUQQ\">Dise\u00f1o Innovador, adaptable a todos los dispositivos y UX friendly<\/span><\/li><li><span class=\"WdYUQQ\">M\u00e1ximo de 5 revisiones<\/span><\/li><li><span class=\"WdYUQQ\">Desarrollo de hasta 8 p\u00e1ginas (sin tener en cuenta cookies, pol\u00edticas de privacidad y t\u00e9rminos de condiciones)<\/span><\/li><li><span class=\"WdYUQQ\">Blog de m\u00e1ximo 10 posts<\/span><\/li><li><span class=\"WdYUQQ\">Optimizaci\u00f3n SEO (Posicionamiento preferente en Google)<\/span><\/li><li><span class=\"WdYUQQ\">Funcionalidades din\u00e1micas: Formularios de contacto e Integraci\u00f3n con automatizaciones de Email.<\/span><\/li><li><span class=\"WdYUQQ\">Informe mensual de situaci\u00f3n.<\/span><\/li><li><span class=\"WdYUQQ\">Servicio Mantenimiento incluido por 6 meses.<\/span><\/li><\/ul>\t\t\t\t\t\t\t\t<\/div>\n\t\t\t\t<\/div>\n\t\t\t\t<div class=\"elementor-element elementor-element-208e9b8 elementor-widget elementor-widget-image\" data-id=\"208e9b8\" data-element_type=\"widget\" data-widget_type=\"image.default\">\n\t\t\t\t<div class=\"elementor-widget-container\">\n\t\t\t\t\t\t\t\t\t\t\t\t\t\t\t<img decoding=\"async\" width=\"1024\" height=\"307\" src=\"https:\/\/vanderagency.net\/wp-content\/uploads\/2023\/05\/pago-seguro-garantizado-1024x307.png\" class=\"attachment-large size-large wp-image-3249\" alt=\"\" srcset=\"https:\/\/vanderagency.net\/wp-content\/uploads\/2023\/05\/pago-seguro-garantizado-1024x307.png 1024w, https:\/\/vanderagency.net\/wp-content\/uploads\/2023\/05\/pago-seguro-garantizado-300x90.png 300w, https:\/\/vanderagency.net\/wp-content\/uploads\/2023\/05\/pago-seguro-garantizado-768x230.png 768w, https:\/\/vanderagency.net\/wp-content\/uploads\/2023\/05\/pago-seguro-garantizado-1536x461.png 1536w, https:\/\/vanderagency.net\/wp-content\/uploads\/2023\/05\/pago-seguro-garantizado-1320x396.png 1320w, https:\/\/vanderagency.net\/wp-content\/uploads\/2023\/05\/pago-seguro-garantizado-600x180.png 600w, https:\/\/vanderagency.net\/wp-content\/uploads\/2023\/05\/pago-seguro-garantizado.png 2000w\" sizes=\"(max-width: 1024px) 100vw, 1024px\" \/>\t\t\t\t\t\t\t\t\t\t\t\t\t\t\t<\/div>\n\t\t\t\t<\/div>\n\t\t\t\t<div class=\"elementor-element elementor-element-db2b595 elementor-widget elementor-widget-spacer\" data-id=\"db2b595\" data-element_type=\"widget\" data-widget_type=\"spacer.default\">\n\t\t\t\t<div class=\"elementor-widget-container\">\n\t\t\t\t\t\t\t<div class=\"elementor-spacer\">\n\t\t\t<div class=\"elementor-spacer-inner\"><\/div>\n\t\t<\/div>\n\t\t\t\t\t\t<\/div>\n\t\t\t\t<\/div>\n\t\t\t\t\t<\/div>\n\t\t<\/div>\n\t\t\t\t<div class=\"elementor-column elementor-col-50 elementor-top-column elementor-element elementor-element-65804f3\" data-id=\"65804f3\" data-element_type=\"column\">\n\t\t\t<div class=\"elementor-widget-wrap elementor-element-populated\">\n\t\t\t\t\t\t<div class=\"elementor-element elementor-element-7aba5b8 elementor-widget elementor-widget-spacer\" data-id=\"7aba5b8\" data-element_type=\"widget\" data-widget_type=\"spacer.default\">\n\t\t\t\t<div class=\"elementor-widget-container\">\n\t\t\t\t\t\t\t<div class=\"elementor-spacer\">\n\t\t\t<div class=\"elementor-spacer-inner\"><\/div>\n\t\t<\/div>\n\t\t\t\t\t\t<\/div>\n\t\t\t\t<\/div>\n\t\t\t\t<div class=\"elementor-element elementor-element-95127f1 elementor-widget elementor-widget-shortcode\" data-id=\"95127f1\" data-element_type=\"widget\" data-widget_type=\"shortcode.default\">\n\t\t\t\t<div class=\"elementor-widget-container\">\n\t\t\t\t\t\t\t<div class=\"elementor-shortcode\">[simpay id=\"3292\"]<\/div>\n\t\t\t\t\t\t<\/div>\n\t\t\t\t<\/div>\n\t\t\t\t\t<\/div>\n\t\t<\/div>\n\t\t\t\t\t<\/div>\n\t\t<\/section>\n\t\t\t\t<\/div>\n\t\t","protected":false},"excerpt":{"rendered":"<p>Est\u00e1s a un solo paso de hacer crecer tu Negocio El Plan 2 de Desarrollo Web incluye: Pago durante 15 cuotas Dise\u00f1o Innovador, adaptable a todos los dispositivos y UX friendly M\u00e1ximo de 5 revisiones Desarrollo de hasta 8 p\u00e1ginas (sin tener en cuenta cookies, pol\u00edticas de privacidad y t\u00e9rminos de condiciones) Blog de m\u00e1ximo&#8230;<\/p>\n","protected":false},"author":1,"featured_media":0,"parent":0,"menu_order":0,"comment_status":"closed","ping_status":"closed","template":"elementor_canvas","meta":{"_kad_post_transparent":"","_kad_post_title":"hide","_kad_post_layout":"fullwidth","_kad_post_sidebar_id":"","_kad_post_content_style":"unboxed","_kad_post_vertical_padding":"hide","_kad_post_feature":"hide","_kad_post_feature_position":"","_kad_post_header":false,"_kad_post_footer":false,"_kad_post_classname":"","_joinchat":[],"footnotes":""},"class_list":["post-3275","page","type-page","status-publish","hentry"],"_links":{"self":[{"href":"https:\/\/vanderagency.net\/index.php\/wp-json\/wp\/v2\/pages\/3275","targetHints":{"allow":["GET"]}}],"collection":[{"href":"https:\/\/vanderagency.net\/index.php\/wp-json\/wp\/v2\/pages"}],"about":[{"href":"https:\/\/vanderagency.net\/index.php\/wp-json\/wp\/v2\/types\/page"}],"author":[{"embeddable":true,"href":"https:\/\/vanderagency.net\/index.php\/wp-json\/wp\/v2\/users\/1"}],"replies":[{"embeddable":true,"href":"https:\/\/vanderagency.net\/index.php\/wp-json\/wp\/v2\/comments?post=3275"}],"version-history":[{"count":11,"href":"https:\/\/vanderagency.net\/index.php\/wp-json\/wp\/v2\/pages\/3275\/revisions"}],"predecessor-version":[{"id":3299,"href":"https:\/\/vanderagency.net\/index.php\/wp-json\/wp\/v2\/pages\/3275\/revisions\/3299"}],"wp:attachment":[{"href":"https:\/\/vanderagency.net\/index.php\/wp-json\/wp\/v2\/media?parent=3275"}],"curies":[{"name":"wp","href":"https:\/\/api.w.org\/{rel}","templated":true}]}}